{"id":1641,"date":"2025-09-03T09:52:35","date_gmt":"2025-09-03T03:16:58","guid":{"rendered":"https:\/\/gvntmc.com\/?post_type=product&#038;p=1641"},"modified":"2026-02-01T12:57:49","modified_gmt":"2026-02-01T05:57:49","slug":"1641","status":"publish","type":"product","link":"https:\/\/gvntmc.com\/en\/product\/1641","title":{"rendered":""},"content":{"rendered":"<h1 data-start=\"149\" data-end=\"194\"><strong data-start=\"151\" data-end=\"192\">GVN Queue Management System (GVN QMS)<\/strong><\/h1>\n<p data-start=\"195\" data-end=\"245\"><em data-start=\"195\" data-end=\"243\">(An Intelligent Solution for Queue Management)<\/em><\/p>\n<h4 data-start=\"247\" data-end=\"276\">1. Solution Overview<\/h4>\n<h4 data-start=\"277\" data-end=\"415\">GVN QMS is an intelligent customer management and coordination solution developed by GVN Global Technology Maintenance Co., Ltd.<\/h4>\n<h4 data-start=\"417\" data-end=\"559\">The system automates the queueing process, reduces waiting time, and enhances customer experience across various sectors, including:<\/h4>\n<ul data-start=\"560\" data-end=\"746\">\n<li data-start=\"560\" data-end=\"616\">\n<h4 data-start=\"562\" data-end=\"616\">Banking (Shinhan Bank, BIDV, Vietcombank, etc.).<\/h4>\n<\/li>\n<li data-start=\"617\" data-end=\"647\">\n<h4 data-start=\"619\" data-end=\"647\">Hospitals and Clinics.<\/h4>\n<\/li>\n<li data-start=\"648\" data-end=\"696\">\n<h4 data-start=\"650\" data-end=\"696\">Government agencies and public services.<\/h4>\n<\/li>\n<li data-start=\"697\" data-end=\"746\">\n<h4 data-start=\"699\" data-end=\"746\">Customer service and transaction centers.<\/h4>\n<\/li>\n<\/ul>\n<hr data-start=\"748\" data-end=\"751\" \/>\n<h4 data-start=\"753\" data-end=\"777\">2. Key Features<\/h4>\n<h4 data-start=\"779\" data-end=\"822\">2.1. Intelligent Queue Management<\/h4>\n<ul data-start=\"823\" data-end=\"1134\">\n<li data-start=\"823\" data-end=\"936\">\n<h4 data-start=\"825\" data-end=\"936\">Customers can get their queue numbers through kiosks, POS devices, or QR codes on mobile devices.<\/h4>\n<\/li>\n<li data-start=\"937\" data-end=\"1047\">\n<h4 data-start=\"939\" data-end=\"1047\">The system automatically routes customers to the most suitable service counter based on their request.<\/h4>\n<\/li>\n<li data-start=\"1048\" data-end=\"1134\">\n<h4 data-start=\"1050\" data-end=\"1134\">Integrates with real-time digital displays for queue status and announcements.<\/h4>\n<\/li>\n<\/ul>\n<h4 data-start=\"1136\" data-end=\"1174\">2.2. Multi-channel Ticketing<\/h4>\n<ul data-start=\"1175\" data-end=\"1403\">\n<li data-start=\"1175\" data-end=\"1217\">\n<h4 data-start=\"1177\" data-end=\"1217\">On-site: Via GVN QMS touch kiosks.<\/h4>\n<\/li>\n<li data-start=\"1218\" data-end=\"1309\">\n<h4 data-start=\"1220\" data-end=\"1309\">Remote: Pre-booking and ticket retrieval via website or mobile application.<\/h4>\n<\/li>\n<li data-start=\"1310\" data-end=\"1403\">\n<h4 data-start=\"1312\" data-end=\"1403\">QR Code Scanning: Enables customers to skip manual ticketing and reduce waiting time.<\/h4>\n<\/li>\n<\/ul>\n<h4 data-start=\"1405\" data-end=\"1449\">2.3. Enterprise System Integration<\/h4>\n<ul data-start=\"1450\" data-end=\"1774\">\n<li data-start=\"1450\" data-end=\"1551\">\n<h4 data-start=\"1452\" data-end=\"1551\">Seamless data synchronization with CRM, ERP, accounting systems, and NAS storage.<\/h4>\n<\/li>\n<li data-start=\"1552\" data-end=\"1659\">\n<h4 data-start=\"1554\" data-end=\"1659\">Provides API-based integration with reporting tools, dashboards, and customer management platforms.<\/h4>\n<\/li>\n<li data-start=\"1660\" data-end=\"1774\">\n<h4 data-start=\"1662\" data-end=\"1774\">Supports integration with Power BI, PRTG, and Microsoft Power Automate for advanced analytics.<\/h4>\n<\/li>\n<\/ul>\n<h4 data-start=\"1776\" data-end=\"1829\">2.4. Real-time Monitoring &amp; Smart Reporting<\/h4>\n<ul data-start=\"1830\" data-end=\"2119\">\n<li data-start=\"1830\" data-end=\"1916\">\n<h4 data-start=\"1832\" data-end=\"1916\">Tracks waiting time, service time, and staff performance in real time.<\/h4>\n<\/li>\n<li data-start=\"1917\" data-end=\"2013\">\n<h4 data-start=\"1919\" data-end=\"2013\">Generates reports instantly in multiple formats (Excel, PDF, or interactive dashboards).<\/h4>\n<\/li>\n<li data-start=\"2014\" data-end=\"2119\">\n<h4 data-start=\"2016\" data-end=\"2119\">Provides comprehensive statistics for management to optimize resources and improve workflows.<\/h4>\n<\/li>\n<\/ul>\n<hr data-start=\"2121\" data-end=\"2124\" \/>\n<h4 data-start=\"2126\" data-end=\"2172\">3. Technology and System Architecture<\/h4>\n<h4 data-start=\"2173\" data-end=\"2283\">GVN QMS is built on a modern API-based integration architecture, consisting of the following components:<\/h4>\n<ul data-start=\"2285\" data-end=\"2815\">\n<li data-start=\"2285\" data-end=\"2377\">\n<h4 data-start=\"2287\" data-end=\"2377\">Hardware: Ticket kiosks, LCD display screens, receipt printers, and speaker systems.<\/h4>\n<\/li>\n<li data-start=\"2378\" data-end=\"2609\">\n<h4 data-start=\"2380\" data-end=\"2395\">Software:<\/h4>\n<ul data-start=\"2400\" data-end=\"2609\">\n<li data-start=\"2400\" data-end=\"2459\">\n<h4 data-start=\"2402\" data-end=\"2459\">GVN QMS Server: Centralized management application.<\/h4>\n<\/li>\n<li data-start=\"2464\" data-end=\"2547\">\n<h4 data-start=\"2466\" data-end=\"2547\">Real-time Monitoring Dashboard: Provides a live overview of queue activity.<\/h4>\n<\/li>\n<li data-start=\"2552\" data-end=\"2609\">\n<h4 data-start=\"2554\" data-end=\"2609\">Mobile Applications for both customers and staff.<\/h4>\n<\/li>\n<\/ul>\n<\/li>\n<li data-start=\"2610\" data-end=\"2680\">\n<h4 data-start=\"2612\" data-end=\"2680\">Database Layer: Centralized data storage and analytics engine.<\/h4>\n<\/li>\n<li data-start=\"2681\" data-end=\"2815\">\n<h4 data-start=\"2683\" data-end=\"2815\">API Integration Layer: Connects with CRM, ERP, branch QMS systems, PRTG monitoring tools, and NAS storage.<\/h4>\n<\/li>\n<\/ul>\n<hr data-start=\"2817\" data-end=\"2820\" \/>\n<h4 data-start=\"2822\" data-end=\"2842\">4. Benefits<\/h4>\n<div class=\"_tableWrapper_1rjym_13 group flex w-fit flex-col-reverse\" tabindex=\"-1\">\n<table class=\"w-fit min-w-(--thread-content-width)\" data-start=\"2844\" data-end=\"3456\">\n<thead data-start=\"2844\" data-end=\"2945\">\n<tr data-start=\"2844\" data-end=\"2945\">\n<th data-start=\"2844\" data-end=\"2867\" data-col-size=\"sm\">Benefits<\/th>\n<th data-start=\"2867\" data-end=\"2909\" data-col-size=\"md\">For Businesses<\/th>\n<th data-start=\"2909\" data-end=\"2945\" data-col-size=\"sm\">For Customers<\/th>\n<\/tr>\n<\/thead>\n<tbody data-start=\"3041\" data-end=\"3456\">\n<tr data-start=\"3041\" data-end=\"3133\">\n<td data-start=\"3041\" data-end=\"3068\" data-col-size=\"sm\">Process Optimization<\/td>\n<td data-start=\"3068\" data-end=\"3108\" data-col-size=\"md\">Reduce workload, improve productivity<\/td>\n<td data-start=\"3108\" data-end=\"3133\" data-col-size=\"sm\">Shorter waiting times<\/td>\n<\/tr>\n<tr data-start=\"3134\" data-end=\"3237\">\n<td data-start=\"3134\" data-end=\"3160\" data-col-size=\"sm\">Enhanced Experience<\/td>\n<td data-start=\"3160\" data-end=\"3200\" data-col-size=\"md\">Modern, professional queue management<\/td>\n<td data-start=\"3200\" data-end=\"3237\" data-col-size=\"sm\">Better overall service experience<\/td>\n<\/tr>\n<tr data-start=\"3238\" data-end=\"3338\">\n<td data-start=\"3238\" data-end=\"3260\" data-col-size=\"sm\">Smart Analytics<\/td>\n<td data-start=\"3260\" data-end=\"3302\" data-col-size=\"md\">Employee KPI tracking and data insights<\/td>\n<td data-start=\"3302\" data-end=\"3338\" data-col-size=\"sm\">Faster, more transparent service<\/td>\n<\/tr>\n<tr data-start=\"3339\" data-end=\"3456\">\n<td data-start=\"3339\" data-end=\"3370\" data-col-size=\"sm\">Multi-system Integration<\/td>\n<td data-start=\"3370\" data-end=\"3418\" data-col-size=\"md\">Seamless CRM, ERP, and accounting integration<\/td>\n<td data-start=\"3418\" data-end=\"3456\" data-col-size=\"sm\">Continuous, uninterrupted services<\/td>\n<\/tr>\n<\/tbody>\n<\/table>\n<\/div>\n<hr data-start=\"3458\" data-end=\"3461\" \/>\n<h4 data-start=\"3463\" data-end=\"3498\">5. Real-world Applications<\/h4>\n<h4 data-start=\"3499\" data-end=\"3619\">At Shinhan Bank Vietnam, GVN QMS has been successfully deployed at the headquarters and multiple branches:<\/h4>\n<ul data-start=\"3620\" data-end=\"3927\">\n<li data-start=\"3620\" data-end=\"3676\">\n<h4 data-start=\"3622\" data-end=\"3676\">Touchscreen ticket kiosks for customer check-in.<\/h4>\n<\/li>\n<li data-start=\"3677\" data-end=\"3747\">\n<h4 data-start=\"3679\" data-end=\"3747\">Queue status display screens in lobbies and transaction halls.<\/h4>\n<\/li>\n<li data-start=\"3748\" data-end=\"3826\">\n<h4 data-start=\"3750\" data-end=\"3826\">Direct integration with the CRM system for synchronized customer data.<\/h4>\n<\/li>\n<li data-start=\"3827\" data-end=\"3927\">\n<h4 data-start=\"3829\" data-end=\"3927\">Management dashboards for supervisors at the head office to monitor operations in real time.<\/h4>\n<\/li>\n<\/ul>\n<hr data-start=\"3929\" data-end=\"3932\" \/>\n<h4 data-start=\"3934\" data-end=\"3972\">6. Future Development Roadmap<\/h4>\n<ul data-start=\"3973\" data-end=\"4356\">\n<li data-start=\"3973\" data-end=\"4058\">\n<h4 data-start=\"3975\" data-end=\"4058\">Integrate AI-powered queue time prediction for optimized resource allocation.<\/h4>\n<\/li>\n<li data-start=\"4059\" data-end=\"4161\">\n<h4 data-start=\"4061\" data-end=\"4161\">Deploy chatbots to support customer inquiries via Zalo, Facebook, and the company website.<\/h4>\n<\/li>\n<li data-start=\"4162\" data-end=\"4250\">\n<h4 data-start=\"4164\" data-end=\"4250\">Implement cloud-based integration for centralized, multi-branch data management.<\/h4>\n<\/li>\n<li data-start=\"4251\" data-end=\"4356\">\n<h4 data-start=\"4253\" data-end=\"4356\">Launch the GVN QMS Mobile App to enable online booking and remote queue number retrieval.<\/h4>\n<\/li>\n<\/ul>\n<table width=\"890\">\n<tbody>\n<tr>\n<td style=\"text-align: center;\" colspan=\"2\" width=\"890\"><span style=\"color: #0000ff;\"><strong>KIOSK GVNSOFT<\/strong><\/span><\/td>\n<\/tr>\n<tr>\n<td width=\"237\">\u0110i\u1ec3m c\u1ea5p s\u1ed1 th\u1ee9 t\u1ef1 b\u1eb1ng m\u00e0n h\u00ecnh <br \/>c\u1ea3m \u1ee9ng \u2013 TouchScreen 17\u201d<\/td>\n<td width=\"653\">Tr\u1ee5 Kiosk \u0111\u1eb7t m\u00e0n c\u1ea3m \u1ee9ng- K\u00edch th\u01b0\u1edbc: 600 mm x 1.500 mm (ngang x cao)- Khung s\u01b0\u1eddn ch\u1ea5t li\u1ec7u: Th\u00e9p s\u01a1n t\u0129nh \u0111i\u1ec7n, ch\u1ed1ng g\u1ec9, ch\u1ed1ng \u0103n m\u00f2n t\u1ed1t, t\u1ea1o h\u00ecnh v\u00e0 ch\u1ebf t\u1ea1o b\u1eb1ng c\u00f4ng ngh\u1ec7 Lazer CNC, k\u1ec3u d\u00e1ng sang tr\u1ecdng b\u1ec1n b\u1ec9<br \/>M\u00e0n h\u00ecnh c\u1ea3m \u1ee9ng tra c\u1ee9u, in s\u1ed1 th\u1ee9 t\u1ef1- Lo\u1ea1i c\u1ea3m \u1ee9ng: \u0110a \u0111i\u1ec3m- K\u00edch th\u01b0\u1edbc LCD: 17\u201c<br \/>\u00a0\u0110\u1ed9 ph\u00e2n gi\u1ea3i: 1024 x 768 \/ 400cd\/m2 ;<br \/>\u00a0An to\u00e0n: ch\u1ebf \u0111\u1ed9 ch\u1ed1ng gi\u1eadt, ch\u1ed1ng ng\u00e3<br \/>\u00a0\u0110\u00e8n h\u00ecnh qu\u1ea3ng c\u00e1o: c\u00f3 \u0111\u00e8n h\u00ecnh ph\u1ee5 qu\u1ea3ng c\u00e1o logo \u0111\u01a1n v\u1ecb ho\u1eb7c thu h\u00fat ng\u01b0\u1eddi d\u00f9ng \u0111\u1ebfn giao d\u1ecbch<br \/>\u00a0C\u00e1c \u0111\u1ea7u k\u1ebft n\u1ed1i thu\u1eadn l\u1ee3i cho ng\u01b0\u1eddi d\u00f9ng: Jack m\u1ea1ng, c\u1ea7u dao, qu\u1ea1t h\u00fat v\u00e0 cao su \u0111\u1ebf ch\u1ed1ng tr\u1ea7y g\u1ea1ch<br \/>\u00a0Kh\u00e1ch h\u00e0ng \u0111\u1ebfn giao d\u1ecbch, ch\u1ea1m nh\u1eb9 tay v\u00e0o ph\u00edm ch\u1ee9c n\u0103ng \u0111\u1ec3 tra c\u1ee9u th\u00f4ng tin, c\u1ea3m \u1ee9ng, c\u1ea5p s\u1ed1 th\u1ee9 t\u1ef1 ho\u1eb7c qu\u00e9t th\u1ebb<br \/>\u00a0M\u00e1y t\u00ednh \u0111\u1ec1u khi\u1ec3n: :; <br \/>\u00a0M\u00e1y qu\u00e9t m\u00e3 v\u1ea1ch : T\u00f9y ch\u1ecdn <br \/>N\u0103m s\u1ea3n xu\u1ea5t: 2025 Xu\u1ea5t x\u1ee9: GVNSOFT Vi\u1ec7t Nam<\/td>\n<\/tr>\n<tr>\n<td>M\u00e1y t\u00ednh \u0111\u1ec1u khi\u1ec3n:<\/td>\n<td width=\"653\">CPU I5 \/ RAM 16GB\/ 120GB SSD\/ DVD\/ SOUND\/LAN\/ HDMI \/ VGA<br \/>&#8211; M\u00e1y in nhi\u1ec7t kh\u1ed5 gi\u1ea5y 80mm g\u1eafn trong, t\u1ed1c \u0111\u1ed9 t\u1ed1i thi\u1ec3u 250mm\/s n\u1ed1i USB, c\u1eaft gi\u1ea5y t\u1ef1 \u0111\u1ed9ng<br \/>Windows 10 Pro kh\u00f4ng b\u1ea3n quy\u1ec1n <br \/>SQL Server Developer d\u00f9ng mi\u1ec5n ph\u00ed<\/td>\n<\/tr>\n<tr>\n<td>B\u1ed9 \u0111i\u1ec1u khi\u1ec3n\u00a0<\/td>\n<td>D\u00f9ng tablet hay smartphone ph\u1ed5 th\u00f4ng k\u1ebft n\u1ed1i Wi-Fi v\u1edbi KIOSK<\/td>\n<\/tr>\n<tr>\n<td>D\u00f9ng b\u1ed9 ph\u00e1t s\u00f3ng wifi<\/td>\n<td width=\"653\">D\u00f9ng b\u1ed9 ph\u00e1t song wifi TP-LINK Archer AX10, ho\u0103c c\u00e1c d\u00f2ng b\u1ea5t k\u1ef3 c\u00f3 ch\u1ee9c n\u0103ng ph\u00e1t wifi<br \/>M\u00e1y t\u00ednh d\u00f9ng cho KIOSK k\u1ebft n\u1ed1i b\u1eb1ng c\u1ed5ng LAN, c\u00e1c tablet ho\u1eb7c smartphone k\u1ebft n\u1ed1i b\u1eb1ng wifi<\/td>\n<\/tr>\n<tr>\n<td>Data, b\u00e1o c\u00e1o<\/td>\n<td width=\"653\">Data \u0111\u01b0\u1ee3c ph\u00e9p can thi\u1ec7p khi \u0111\u01b0\u1ee3c s\u1ef1 \u0111\u1ed3ng \u00fd c\u1ee7a GVN<br \/>B\u00e1o c\u00e1o t\u00f9y ch\u1ec9nh d\u1ec3 d\u00e0ng<br \/>C\u00e1c data c\u1ee7 c\u1ee7a Davisoft kh\u00f4ng th\u1ec3 t\u00edch h\u1ee3p v\u00e0o h\u1ec7 th\u1ed1ng GVNSOFT<br \/>GVN s\u1ebd ti\u1ebfn h\u00e0nh backup l\u1ea1i data cho chi nh\u00e1nh \u0111\u00f3 v\u00e0 l\u01b0u t\u1ea1i KIOSK, khi n\u00e0o chi nh\u00e1nh c\u1ea7n th\u00ec IT s\u1ebd l\u1ea5y cho chi nh\u00e1nh(v\u1edbi c\u00e1c chi nh\u00e1nh t\u1eadn d\u1ee5ng l\u1ea1i KIOSK \u0111ang c\u00f3).<\/td>\n<\/tr>\n<tr>\n<td>Ti\u1ebfn \u0111\u1ed9 tri\u1ec3n khai 1 chi nh\u00e1nh m\u1edbi &#8211; GVNSOFT<\/td>\n<td width=\"653\">Sau khi c\u00f3 m\u00e1y KISOK, <br \/>C\u00e0i \u0111\u1eb7t t\u1eeb 2-4 ti\u1ebfng do thi\u1ebft b\u1ecb k\u1ebft n\u1ed1i wifi n\u00ean vi\u1ec7c k\u1ebft n\u1ed1i r\u1ea5t nhanh (n\u1ebfu ch\u1ecdn Table\/ Smartphone)<br \/>C\u00e0i \u0111\u1eb7t t\u1eeb 2-5 ti\u1ebfng n\u1ebfu s\u1eed d\u1ee5ng c\u00e1c m\u00e1y t\u00ednh nh\u00e2n vi\u00ean giao d\u1ecbch\u00a0<\/td>\n<\/tr>\n<tr>\n<td>GVNSOFT<\/td>\n<td width=\"653\">\u0110\u00e3 t\u00edch h\u1ee3p trong \u1ee9ng d\u1ee5ng \u0111\u1ea7y \u0111\u1ee7 ch\u1ee9c n\u0103ng, t\u00f9y ch\u1ec9nh \u1ee9ng d\u1ee5ng d\u1ec5 d\u00e0ng<br \/>T\u00f9y ch\u1ec9nh hi\u1ec3n th\u1ecb 1 hay 2 hay 3 m\u00e0n h\u00ecnh d\u1ec3 d\u00e0ng<\/td>\n<\/tr>\n<tr>\n<td>Software for TV\u00a0<\/td>\n<td width=\"653\">Ph\u1ea7n m\u1ec1m k\u1ebft xu\u1ea5t sang m\u00e0n h\u00ecnh LCD<br \/>&#8211; D\u00f9ng loa tivi \u0111\u1ec3 ph\u00e1t ti\u1ebfng g\u1ecdi s\u1ed1<\/td>\n<\/tr>\n<\/tbody>\n<\/table>\n","protected":false},"excerpt":{"rendered":"<h1 data-start=\"149\" data-end=\"194\"><strong data-start=\"151\" data-end=\"192\">GVN Queue Management System (GVN QMS)<\/strong><\/h1>\n<p data-start=\"195\" data-end=\"245\"><em data-start=\"195\" data-end=\"243\">(An Intelligent Solution for Queue Management)<\/em><\/p>\n<p data-start=\"3499\" data-end=\"3619\">At <strong data-start=\"3502\" data-end=\"3526\">Shinhan Bank Vietnam<\/strong>, GVN QMS has been successfully deployed at the <strong data-start=\"3574\" data-end=\"3590\">headquarters<\/strong> and <strong data-start=\"3595\" data-end=\"3616\">multiple branches<\/strong>:<\/p>\n<ul data-start=\"3620\" data-end=\"3927\">\n<li data-start=\"3620\" data-end=\"3676\">\n<p data-start=\"3622\" data-end=\"3676\"><strong data-start=\"3622\" data-end=\"3651\">Touchscreen ticket kiosks<\/strong> for customer check-in.<\/p>\n<\/li>\n<li data-start=\"3677\" data-end=\"3747\">\n<p data-start=\"3679\" data-end=\"3747\"><strong data-start=\"3679\" data-end=\"3711\">Queue status display screens<\/strong> in lobbies and transaction halls.<\/p>\n<\/li>\n<li data-start=\"3748\" data-end=\"3826\">\n<p data-start=\"3750\" data-end=\"3826\"><strong data-start=\"3750\" data-end=\"3792\">Direct integration with the CRM system<\/strong> for synchronized customer data.<\/p>\n<\/li>\n<li data-start=\"3827\" data-end=\"3927\">\n<p data-start=\"3829\" data-end=\"3927\"><strong data-start=\"3829\" data-end=\"3854\">Management dashboards<\/strong> for supervisors at the head office to monitor operations in real time.<\/p>\n<\/li>\n<\/ul>\n<ul data-start=\"3973\" data-end=\"4356\">\n<li data-start=\"4251\" data-end=\"4356\">\n<p data-start=\"4253\" data-end=\"4356\">\n<\/li>\n<\/ul>\n","protected":false},"featured_media":1650,"comment_status":"open","ping_status":"closed","template":"","meta":[],"product_brand":[],"product_cat":[102,106],"product_tag":[],"class_list":{"0":"post-1641","1":"product","2":"type-product","3":"status-publish","4":"has-post-thumbnail","6":"product_cat-banking-equipment-solutions","7":"product_cat-enterprise-software","9":"first","10":"instock","11":"shipping-taxable","12":"product-type-simple"},"acf":[],"_links":{"self":[{"href":"https:\/\/gvntmc.com\/en\/wp-json\/wp\/v2\/product\/1641","targetHints":{"allow":["GET"]}}],"collection":[{"href":"https:\/\/gvntmc.com\/en\/wp-json\/wp\/v2\/product"}],"about":[{"href":"https:\/\/gvntmc.com\/en\/wp-json\/wp\/v2\/types\/product"}],"replies":[{"embeddable":true,"href":"https:\/\/gvntmc.com\/en\/wp-json\/wp\/v2\/comments?post=1641"}],"wp:featuredmedia":[{"embeddable":true,"href":"https:\/\/gvntmc.com\/en\/wp-json\/wp\/v2\/media\/1650"}],"wp:attachment":[{"href":"https:\/\/gvntmc.com\/en\/wp-json\/wp\/v2\/media?parent=1641"}],"wp:term":[{"taxonomy":"product_brand","embeddable":true,"href":"https:\/\/gvntmc.com\/en\/wp-json\/wp\/v2\/product_brand?post=1641"},{"taxonomy":"product_cat","embeddable":true,"href":"https:\/\/gvntmc.com\/en\/wp-json\/wp\/v2\/product_cat?post=1641"},{"taxonomy":"product_tag","embeddable":true,"href":"https:\/\/gvntmc.com\/en\/wp-json\/wp\/v2\/product_tag?post=1641"}],"curies":[{"name":"wp","href":"https:\/\/api.w.org\/{rel}","templated":true}]}}